{"id":9,"date":"2017-03-01T02:57:50","date_gmt":"2017-03-01T02:57:50","guid":{"rendered":"http:\/\/localhost\/?page_id=400"},"modified":"2025-02-12T11:26:01","modified_gmt":"2025-02-12T10:26:01","slug":"coming-soon","status":"publish","type":"page","link":"https:\/\/zeta-eventos.com\/","title":{"rendered":"Coming Soon"},"content":{"rendered":"<div class=\"wpb-content-wrapper\"><p>[vc_row][vc_column][grcs_vc_hero_container][vc_row_inner][vc_column_inner][grcs_vc_animated_container enter_animation=&#8221;fadeInDown&#8221; animation_delay=&#8221;500&#8243;][vc_single_image image=&#8221;33&#8243; img_size=&#8221;full&#8221; alignment=&#8221;center&#8221; css_animation=&#8221;none&#8221; css=&#8221;.vc_custom_1738934029782{margin-bottom: 2.3vmin !important;}&#8221; el_class=&#8221;logo&#8221; el_width=&#8221;27vmax&#8221; el_max_width=&#8221;29vmin&#8221;][\/grcs_vc_animated_container][grcs_vc_animated_container][grcs_vc_text_slider slides=&#8221;%5B%7B%22slide_text%22%3A%22EVENTOS%20%3Cspan%3E%26%3C%2Fspan%3E%3Cbr%3EEXPERIENCIAS%3Cbr%3EINOLVIDABLES.%22%7D%2C%7B%22slide_text%22%3A%22DJ%20%3Cspan%3E%26%3C%2Fspan%3E%3Cbr%3EANIMACI%C3%93N%3Cbr%3EEN%20DIRECTO.%22%7D%2C%7B%22slide_text%22%3A%22M%C3%9ASICA%20%3Cspan%3E%26%3C%2Fspan%3E%3Cbr%3EDIVERSI%C3%93N%3Cbr%3EEN%20VIVO.%22%7D%5D&#8221; accent_color=&#8221;#00EFC2&#8243; disable_mouse_control=&#8221;yes&#8221; css=&#8221;.vc_custom_1738587752885{margin-bottom: 3.69em !important;}&#8221;][\/grcs_vc_animated_container][grcs_vc_animated_container][vc_column_text css=&#8221;.vc_custom_1738587780932{margin-bottom: 4.3em !important;}&#8221; el_class=&#8221;grcs_subline&#8221;]\u00a1DESCUBRE LO QUE TENEMOS PREPARADO![\/vc_column_text][\/grcs_vc_animated_container][grcs_vc_animated_container][grcs_vc_open_overlay][\/grcs_vc_animated_container][\/vc_column_inner][\/vc_row_inner][\/grcs_vc_hero_container][grcs_vc_overlay_container bullet_nav=&#8221;yes&#8221; animation=&#8221;slide-from-bottom&#8221;][grcs_vc_overlay_section][vc_row_inner][vc_column_inner css=&#8221;.vc_custom_1486415771672{padding-top: 5vh !important;padding-bottom: 5vh !important;}&#8221;][vc_column_text css=&#8221;.vc_custom_1739277751901{margin-bottom: 2.3em !important;}&#8221;]<\/p>\n<h1>\u00a1S\u00cdGUENOS PARA VER NUESTROS \u00daLTIMOS EVENTOS!<\/h1>\n<p>[\/vc_column_text][vc_column_text css=&#8221;.vc_custom_1739278409101{margin-bottom: 2.92em !important;}&#8221; el_width=&#8221;600px&#8221;]<\/p>\n<p style=\"text-align: center;\">Con nuestro equipo de DJs, animadores y m\u00fasicos, tu fiesta ser\u00e1 la m\u00e1s recordada. Ya sea que busques una animaci\u00f3n espectacular, una orquesta en vivo o un DJ que sepa c\u00f3mo mantener la energ\u00eda al m\u00e1ximo, tenemos todo lo que necesitas. Nos aseguramos de que tu evento sea extraordinario.<\/p>\n<p style=\"text-align: center;\"><strong>Ofrecemos: DJ, Animaci\u00f3n, Grupos Musicales, Orquestas, Equipos de Sonido, y mucho m\u00e1s para que tu celebraci\u00f3n sea un \u00e9xito total.<\/strong><\/p>\n<p>[\/vc_column_text][grcs_vc_subscribe_form form_mode=&#8221;file&#8221; call_to_action=&#8221;\u00a1D\u00e9janos tu correo electr\u00f3nico!&#8221; subscriber_list_output=&#8221;example@live.de<br \/>\nbananan@late.net<br \/>\ntrander@lp.com&#8221; css=&#8221;.vc_custom_1739278026050{margin-bottom: 2.76em !important;}&#8221;][grcs_vc_social_icons icons=&#8221;%5B%7B%22mode%22%3A%22url%22%2C%22icon%22%3A%22fab%20fa-facebook-f%22%2C%22icon_title%22%3A%22Facebook%22%2C%22icon_url%22%3A%22https%3A%2F%2Fwww.facebook.com%2Fzetaeventosdj%22%7D%2C%7B%22mode%22%3A%22url%22%2C%22icon%22%3A%22fab%20fa-instagram%22%2C%22icon_title%22%3A%22Instagram%22%2C%22icon_url%22%3A%22https%3A%2F%2Fwww.instagram.com%2Fzeta.eventos%2F%22%7D%2C%7B%22mode%22%3A%22url%22%2C%22icon%22%3A%22fas%20fa-envelope%22%2C%22icon_title%22%3A%22Correo%22%2C%22icon_url%22%3A%22mailto%3Ainfo%40zeta-eventos.com%22%7D%2C%7B%22mode%22%3A%22url%22%2C%22icon%22%3A%22fas%20fa-mobile-alt%22%2C%22icon_title%22%3A%22M%C3%B3vil%22%2C%22icon_url%22%3A%22tel%3A%2B34624521662%22%7D%5D&#8221; el_class=&#8221;rrss&#8221;][\/vc_column_inner][\/vc_row_inner][\/grcs_vc_overlay_section][grcs_vc_overlay_section][vc_row_inner][vc_column_inner css=&#8221;.vc_custom_1486415780895{padding-top: 5vh !important;padding-bottom: 5vh !important;}&#8221;][vc_column_text css=&#8221;.vc_custom_1738931273818{margin-bottom: 2.19em !important;}&#8221;]<\/p>\n<h1>CONTACTO<\/h1>\n<p>[\/vc_column_text][vc_column_text css=&#8221;.vc_custom_1738931395724{margin-bottom: 2.3em !important;}&#8221; el_width=&#8221;316px&#8221;]\u00bfBuscas un DJ que haga vibrar a todos? Env\u00edanos un mensaje y cu\u00e9ntanos qu\u00e9 necesitas. Estaremos encantados de hacer que tu evento sea \u00fanico y lleno de diversi\u00f3n.[\/vc_column_text][grcs_vc_contact_form message_success=&#8221;\u00a1Correo enviado con \u00e9xito!&#8221; message_success_email_invalid=&#8221;\u00a1Este correo electr\u00f3nico no es v\u00e1lido!&#8221; message_success_empty_field=&#8221;\u00a1Este campo es obligatorio!&#8221; label_1=&#8221;NOMBRE&#8221; label_2=&#8221;CORREO ELECTR\u00d3NICO&#8221; label_3=&#8221;MENSAJE&#8221;][vc_column_text css=&#8221;&#8221;]<\/p>\n<div class=\"kit\"><img decoding=\"async\" src=\"https:\/\/lagomarcosmetics.com\/wp-content\/uploads\/2023\/07\/Logo-PRTR-tres-lineas_COLOR.png\" alt=\"\" width=\"200\" \/><br \/>\n<img decoding=\"async\" src=\"https:\/\/lagomarcosmetics.com\/wp-content\/uploads\/2023\/07\/EN-Funded-by-the-European-Union_POS.png\" alt=\"\" width=\"200\" \/><\/div>\n<p>[\/vc_column_text][\/vc_column_inner][\/vc_row_inner][\/grcs_vc_overlay_section][\/grcs_vc_overlay_container][\/vc_column][\/vc_row][vc_row][vc_column][\/vc_column][\/vc_row]<\/p>\n<\/div>","protected":false},"excerpt":{"rendered":"<p>[vc_row][vc_column][grcs_vc_hero_container][vc_row_inner][vc_column_inner][grcs_vc_animated_container enter_animation=&#8221;fadeInDown&#8221; animation_delay=&#8221;500&#8243;][vc_single_image image=&#8221;33&#8243; img_size=&#8221;full&#8221; alignment=&#8221;center&#8221; css_animation=&#8221;none&#8221; css=&#8221;.vc_custom_1738934029782{margin-bottom: 2.3vmin !important;}&#8221; el_class=&#8221;logo&#8221; el_width=&#8221;27vmax&#8221; el_max_width=&#8221;29vmin&#8221;][\/grcs_vc_animated_container][grcs_vc_animated_container][grcs_vc_text_slider slides=&#8221;%5B%7B%22slide_text%22%3A%22EVENTOS%20%3Cspan%3E%26%3C%2Fspan%3E%3Cbr%3EEXPERIENCIAS%3Cbr%3EINOLVIDABLES.%22%7D%2C%7B%22slide_text%22%3A%22DJ%20%3Cspan%3E%26%3C%2Fspan%3E%3Cbr%3EANIMACI%C3%93N%3Cbr%3EEN%20DIRECTO.%22%7D%2C%7B%22slide_text%22%3A%22M%C3%9ASICA%20%3Cspan%3E%26%3C%2Fspan%3E%3Cbr%3EDIVERSI%C3%93N%3Cbr%3EEN%20VIVO.%22%7D%5D&#8221; accent_color=&#8221;#00EFC2&#8243; disable_mouse_control=&#8221;yes&#8221; css=&#8221;.vc_custom_1738587752885{margin-bottom: 3.69em !important;}&#8221;][\/grcs_vc_animated_container][grcs_vc_animated_container][vc_column_text css=&#8221;.vc_custom_1738587780932{margin-bottom: 4.3em !important;}&#8221; el_class=&#8221;grcs_subline&#8221;]\u00a1DESCUBRE LO QUE TENEMOS PREPARADO![\/vc_column_text][\/grcs_vc_animated_container][grcs_vc_animated_container][grcs_vc_open_overlay][\/grcs_vc_animated_container][\/vc_column_inner][\/vc_row_inner][\/grcs_vc_hero_container][grcs_vc_overlay_container bullet_nav=&#8221;yes&#8221; animation=&#8221;slide-from-bottom&#8221;][grcs_vc_overlay_section][vc_row_inner][vc_column_inner css=&#8221;.vc_custom_1486415771672{padding-top: 5vh !important;padding-bottom: 5vh !important;}&#8221;][vc_column_text css=&#8221;.vc_custom_1739277751901{margin-bottom: 2.3em !important;}&#8221;] \u00a1S\u00cdGUENOS PARA VER NUESTROS \u00daLTIMOS EVENTOS! [\/vc_column_text][vc_column_text css=&#8221;.vc_custom_1739278409101{margin-bottom: 2.92em !important;}&#8221; el_width=&#8221;600px&#8221;] Con nuestro equipo de DJs, animadores y [&hellip;]<\/p>\n","protected":false},"author":1,"featured_media":0,"parent":0,"menu_order":0,"comment_status":"closed","ping_status":"closed","template":"template-coming-soon.php","meta":{"footnotes":""},"class_list":["post-9","page","type-page","status-publish","hentry"],"yoast_head":"<!-- This site is optimized with the Yoast SEO plugin v24.4 - https:\/\/yoast.com\/wordpress\/plugins\/seo\/ -->\n<title>Coming Soon - Zeta eventos<\/title>\n<meta name=\"robots\" content=\"noindex, follow, max-snippet:-1, max-image-preview:large, max-video-preview:-1\" \/>\n<meta property=\"og:locale\" content=\"es_ES\" \/>\n<meta property=\"og:type\" content=\"article\" \/>\n<meta property=\"og:title\" content=\"Coming Soon - Zeta eventos\" \/>\n<meta property=\"og:description\" content=\"[vc_row][vc_column][grcs_vc_hero_container][vc_row_inner][vc_column_inner][grcs_vc_animated_container enter_animation=&#8221;fadeInDown&#8221; animation_delay=&#8221;500&#8243;][vc_single_image image=&#8221;33&#8243; img_size=&#8221;full&#8221; alignment=&#8221;center&#8221; css_animation=&#8221;none&#8221; css=&#8221;.vc_custom_1738934029782{margin-bottom: 2.3vmin !important;}&#8221; el_class=&#8221;logo&#8221; el_width=&#8221;27vmax&#8221; el_max_width=&#8221;29vmin&#8221;][\/grcs_vc_animated_container][grcs_vc_animated_container][grcs_vc_text_slider slides=&#8221;%5B%7B%22slide_text%22%3A%22EVENTOS%20%3Cspan%3E%26%3C%2Fspan%3E%3Cbr%3EEXPERIENCIAS%3Cbr%3EINOLVIDABLES.%22%7D%2C%7B%22slide_text%22%3A%22DJ%20%3Cspan%3E%26%3C%2Fspan%3E%3Cbr%3EANIMACI%C3%93N%3Cbr%3EEN%20DIRECTO.%22%7D%2C%7B%22slide_text%22%3A%22M%C3%9ASICA%20%3Cspan%3E%26%3C%2Fspan%3E%3Cbr%3EDIVERSI%C3%93N%3Cbr%3EEN%20VIVO.%22%7D%5D&#8221; accent_color=&#8221;#00EFC2&#8243; disable_mouse_control=&#8221;yes&#8221; css=&#8221;.vc_custom_1738587752885{margin-bottom: 3.69em !important;}&#8221;][\/grcs_vc_animated_container][grcs_vc_animated_container][vc_column_text css=&#8221;.vc_custom_1738587780932{margin-bottom: 4.3em !important;}&#8221; el_class=&#8221;grcs_subline&#8221;]\u00a1DESCUBRE LO QUE TENEMOS PREPARADO![\/vc_column_text][\/grcs_vc_animated_container][grcs_vc_animated_container][grcs_vc_open_overlay][\/grcs_vc_animated_container][\/vc_column_inner][\/vc_row_inner][\/grcs_vc_hero_container][grcs_vc_overlay_container bullet_nav=&#8221;yes&#8221; animation=&#8221;slide-from-bottom&#8221;][grcs_vc_overlay_section][vc_row_inner][vc_column_inner css=&#8221;.vc_custom_1486415771672{padding-top: 5vh !important;padding-bottom: 5vh !important;}&#8221;][vc_column_text css=&#8221;.vc_custom_1739277751901{margin-bottom: 2.3em !important;}&#8221;] \u00a1S\u00cdGUENOS PARA VER NUESTROS \u00daLTIMOS EVENTOS! [\/vc_column_text][vc_column_text css=&#8221;.vc_custom_1739278409101{margin-bottom: 2.92em !important;}&#8221; el_width=&#8221;600px&#8221;] Con nuestro equipo de DJs, animadores y [&hellip;]\" \/>\n<meta property=\"og:url\" content=\"https:\/\/zeta-eventos.com\/\" \/>\n<meta property=\"og:site_name\" content=\"Zeta eventos\" \/>\n<meta property=\"article:modified_time\" content=\"2025-02-12T10:26:01+00:00\" \/>\n<meta property=\"og:image\" content=\"https:\/\/lagomarcosmetics.com\/wp-content\/uploads\/2023\/07\/Logo-PRTR-tres-lineas_COLOR.png\" \/>\n<meta name=\"twitter:card\" content=\"summary_large_image\" \/>\n<meta name=\"twitter:label1\" content=\"Tiempo de lectura\" \/>\n\t<meta name=\"twitter:data1\" content=\"2 minutos\" \/>\n<script type=\"application\/ld+json\" class=\"yoast-schema-graph\">{\"@context\":\"https:\/\/schema.org\",\"@graph\":[{\"@type\":\"WebPage\",\"@id\":\"https:\/\/zeta-eventos.com\/\",\"url\":\"https:\/\/zeta-eventos.com\/\",\"name\":\"Coming Soon - Zeta eventos\",\"isPartOf\":{\"@id\":\"https:\/\/zeta-eventos.com\/#website\"},\"primaryImageOfPage\":{\"@id\":\"https:\/\/zeta-eventos.com\/#primaryimage\"},\"image\":{\"@id\":\"https:\/\/zeta-eventos.com\/#primaryimage\"},\"thumbnailUrl\":\"https:\/\/lagomarcosmetics.com\/wp-content\/uploads\/2023\/07\/Logo-PRTR-tres-lineas_COLOR.png\",\"datePublished\":\"2017-03-01T02:57:50+00:00\",\"dateModified\":\"2025-02-12T10:26:01+00:00\",\"breadcrumb\":{\"@id\":\"https:\/\/zeta-eventos.com\/#breadcrumb\"},\"inLanguage\":\"es\",\"potentialAction\":[{\"@type\":\"ReadAction\",\"target\":[\"https:\/\/zeta-eventos.com\/\"]}]},{\"@type\":\"ImageObject\",\"inLanguage\":\"es\",\"@id\":\"https:\/\/zeta-eventos.com\/#primaryimage\",\"url\":\"https:\/\/lagomarcosmetics.com\/wp-content\/uploads\/2023\/07\/Logo-PRTR-tres-lineas_COLOR.png\",\"contentUrl\":\"https:\/\/lagomarcosmetics.com\/wp-content\/uploads\/2023\/07\/Logo-PRTR-tres-lineas_COLOR.png\"},{\"@type\":\"BreadcrumbList\",\"@id\":\"https:\/\/zeta-eventos.com\/#breadcrumb\",\"itemListElement\":[{\"@type\":\"ListItem\",\"position\":1,\"name\":\"Portada\",\"item\":\"https:\/\/zeta-eventos.com\/\"},{\"@type\":\"ListItem\",\"position\":2,\"name\":\"Coming Soon\"}]},{\"@type\":\"WebSite\",\"@id\":\"https:\/\/zeta-eventos.com\/#website\",\"url\":\"https:\/\/zeta-eventos.com\/\",\"name\":\"Zeta eventos\",\"description\":\"Eventos, Dj, Animaci\u00f3n \",\"potentialAction\":[{\"@type\":\"SearchAction\",\"target\":{\"@type\":\"EntryPoint\",\"urlTemplate\":\"https:\/\/zeta-eventos.com\/?s={search_term_string}\"},\"query-input\":{\"@type\":\"PropertyValueSpecification\",\"valueRequired\":true,\"valueName\":\"search_term_string\"}}],\"inLanguage\":\"es\"}]}<\/script>\n<!-- \/ Yoast SEO plugin. -->","yoast_head_json":{"title":"Coming Soon - Zeta eventos","robots":{"index":"noindex","follow":"follow","max-snippet":"max-snippet:-1","max-image-preview":"max-image-preview:large","max-video-preview":"max-video-preview:-1"},"og_locale":"es_ES","og_type":"article","og_title":"Coming Soon - Zeta eventos","og_description":"[vc_row][vc_column][grcs_vc_hero_container][vc_row_inner][vc_column_inner][grcs_vc_animated_container enter_animation=&#8221;fadeInDown&#8221; animation_delay=&#8221;500&#8243;][vc_single_image image=&#8221;33&#8243; img_size=&#8221;full&#8221; alignment=&#8221;center&#8221; css_animation=&#8221;none&#8221; css=&#8221;.vc_custom_1738934029782{margin-bottom: 2.3vmin !important;}&#8221; el_class=&#8221;logo&#8221; el_width=&#8221;27vmax&#8221; el_max_width=&#8221;29vmin&#8221;][\/grcs_vc_animated_container][grcs_vc_animated_container][grcs_vc_text_slider slides=&#8221;%5B%7B%22slide_text%22%3A%22EVENTOS%20%3Cspan%3E%26%3C%2Fspan%3E%3Cbr%3EEXPERIENCIAS%3Cbr%3EINOLVIDABLES.%22%7D%2C%7B%22slide_text%22%3A%22DJ%20%3Cspan%3E%26%3C%2Fspan%3E%3Cbr%3EANIMACI%C3%93N%3Cbr%3EEN%20DIRECTO.%22%7D%2C%7B%22slide_text%22%3A%22M%C3%9ASICA%20%3Cspan%3E%26%3C%2Fspan%3E%3Cbr%3EDIVERSI%C3%93N%3Cbr%3EEN%20VIVO.%22%7D%5D&#8221; accent_color=&#8221;#00EFC2&#8243; disable_mouse_control=&#8221;yes&#8221; css=&#8221;.vc_custom_1738587752885{margin-bottom: 3.69em !important;}&#8221;][\/grcs_vc_animated_container][grcs_vc_animated_container][vc_column_text css=&#8221;.vc_custom_1738587780932{margin-bottom: 4.3em !important;}&#8221; el_class=&#8221;grcs_subline&#8221;]\u00a1DESCUBRE LO QUE TENEMOS PREPARADO![\/vc_column_text][\/grcs_vc_animated_container][grcs_vc_animated_container][grcs_vc_open_overlay][\/grcs_vc_animated_container][\/vc_column_inner][\/vc_row_inner][\/grcs_vc_hero_container][grcs_vc_overlay_container bullet_nav=&#8221;yes&#8221; animation=&#8221;slide-from-bottom&#8221;][grcs_vc_overlay_section][vc_row_inner][vc_column_inner css=&#8221;.vc_custom_1486415771672{padding-top: 5vh !important;padding-bottom: 5vh !important;}&#8221;][vc_column_text css=&#8221;.vc_custom_1739277751901{margin-bottom: 2.3em !important;}&#8221;] \u00a1S\u00cdGUENOS PARA VER NUESTROS \u00daLTIMOS EVENTOS! [\/vc_column_text][vc_column_text css=&#8221;.vc_custom_1739278409101{margin-bottom: 2.92em !important;}&#8221; el_width=&#8221;600px&#8221;] Con nuestro equipo de DJs, animadores y [&hellip;]","og_url":"https:\/\/zeta-eventos.com\/","og_site_name":"Zeta eventos","article_modified_time":"2025-02-12T10:26:01+00:00","og_image":[{"url":"https:\/\/lagomarcosmetics.com\/wp-content\/uploads\/2023\/07\/Logo-PRTR-tres-lineas_COLOR.png","type":"","width":"","height":""}],"twitter_card":"summary_large_image","twitter_misc":{"Tiempo de lectura":"2 minutos"},"schema":{"@context":"https:\/\/schema.org","@graph":[{"@type":"WebPage","@id":"https:\/\/zeta-eventos.com\/","url":"https:\/\/zeta-eventos.com\/","name":"Coming Soon - Zeta eventos","isPartOf":{"@id":"https:\/\/zeta-eventos.com\/#website"},"primaryImageOfPage":{"@id":"https:\/\/zeta-eventos.com\/#primaryimage"},"image":{"@id":"https:\/\/zeta-eventos.com\/#primaryimage"},"thumbnailUrl":"https:\/\/lagomarcosmetics.com\/wp-content\/uploads\/2023\/07\/Logo-PRTR-tres-lineas_COLOR.png","datePublished":"2017-03-01T02:57:50+00:00","dateModified":"2025-02-12T10:26:01+00:00","breadcrumb":{"@id":"https:\/\/zeta-eventos.com\/#breadcrumb"},"inLanguage":"es","potentialAction":[{"@type":"ReadAction","target":["https:\/\/zeta-eventos.com\/"]}]},{"@type":"ImageObject","inLanguage":"es","@id":"https:\/\/zeta-eventos.com\/#primaryimage","url":"https:\/\/lagomarcosmetics.com\/wp-content\/uploads\/2023\/07\/Logo-PRTR-tres-lineas_COLOR.png","contentUrl":"https:\/\/lagomarcosmetics.com\/wp-content\/uploads\/2023\/07\/Logo-PRTR-tres-lineas_COLOR.png"},{"@type":"BreadcrumbList","@id":"https:\/\/zeta-eventos.com\/#breadcrumb","itemListElement":[{"@type":"ListItem","position":1,"name":"Portada","item":"https:\/\/zeta-eventos.com\/"},{"@type":"ListItem","position":2,"name":"Coming Soon"}]},{"@type":"WebSite","@id":"https:\/\/zeta-eventos.com\/#website","url":"https:\/\/zeta-eventos.com\/","name":"Zeta eventos","description":"Eventos, Dj, Animaci\u00f3n ","potentialAction":[{"@type":"SearchAction","target":{"@type":"EntryPoint","urlTemplate":"https:\/\/zeta-eventos.com\/?s={search_term_string}"},"query-input":{"@type":"PropertyValueSpecification","valueRequired":true,"valueName":"search_term_string"}}],"inLanguage":"es"}]}},"_links":{"self":[{"href":"https:\/\/zeta-eventos.com\/index.php\/wp-json\/wp\/v2\/pages\/9","targetHints":{"allow":["GET"]}}],"collection":[{"href":"https:\/\/zeta-eventos.com\/index.php\/wp-json\/wp\/v2\/pages"}],"about":[{"href":"https:\/\/zeta-eventos.com\/index.php\/wp-json\/wp\/v2\/types\/page"}],"author":[{"embeddable":true,"href":"https:\/\/zeta-eventos.com\/index.php\/wp-json\/wp\/v2\/users\/1"}],"replies":[{"embeddable":true,"href":"https:\/\/zeta-eventos.com\/index.php\/wp-json\/wp\/v2\/comments?post=9"}],"version-history":[{"count":18,"href":"https:\/\/zeta-eventos.com\/index.php\/wp-json\/wp\/v2\/pages\/9\/revisions"}],"predecessor-version":[{"id":16,"href":"https:\/\/zeta-eventos.com\/index.php\/wp-json\/wp\/v2\/pages\/9\/revisions\/16"}],"wp:attachment":[{"href":"https:\/\/zeta-eventos.com\/index.php\/wp-json\/wp\/v2\/media?parent=9"}],"curies":[{"name":"wp","href":"https:\/\/api.w.org\/{rel}","templated":true}]}}